{"id":1707,"date":"2015-05-15T15:08:42","date_gmt":"2015-05-15T12:08:42","guid":{"rendered":"http:\/\/bauwille24.de\/?page_id=1707"},"modified":"2018-01-31T02:11:46","modified_gmt":"2018-01-30T23:11:46","slug":"start","status":"publish","type":"page","link":"http:\/\/pg-immobilien.com\/uttenreuth\/","title":{"rendered":"Start"},"content":{"rendered":"<div id='layer_slider_1'  class='avia-layerslider main_color avia-shadow  avia-builder-el-0  el_before_av_section  avia-builder-el-first  container_wrap sidebar_right'  style='height: 651px;'  ><\/div>\n\n<style type=\"text\/css\" data-created_by=\"avia_inline_auto\" id=\"style-css-av-av_section-f9ea0888a8950e8f197e9db7966270e1\">\n.avia-section.av-av_section-f9ea0888a8950e8f197e9db7966270e1{\nbackground-color:#ffffff;\n}\n<\/style>\n<div id='av_section_1'  class='avia-section av-av_section-f9ea0888a8950e8f197e9db7966270e1 main_color avia-section-default avia-no-border-styling  avia-builder-el-1  el_after_av_layerslider  el_before_av_section  avia-bg-style-scroll container_wrap sidebar_right'  ><div class='container av-section-cont-open' ><div class='template-page content  av-content-small alpha units'><div class='post-entry post-entry-type-page post-entry-1707'><div class='entry-content-wrapper clearfix'>\n<div class='flex_column_table av-av_two_third-8ec1c443f35b8d34a8eb26646e56015a sc-av_two_third av-equal-height-column-flextable'>\n<style type=\"text\/css\" data-created_by=\"avia_inline_auto\" id=\"style-css-av-av_two_third-8ec1c443f35b8d34a8eb26646e56015a\">\n.flex_column.av-av_two_third-8ec1c443f35b8d34a8eb26646e56015a{\nborder-radius:0px 0px 0px 0px;\n-webkit-border-radius:0px 0px 0px 0px;\n-moz-border-radius:0px 0px 0px 0px;\n}\n<\/style>\n<div class='flex_column av-av_two_third-8ec1c443f35b8d34a8eb26646e56015a av_two_third  avia-builder-el-2  el_before_av_one_third  avia-builder-el-first  first flex_column_table_cell av-equal-height-column av-align-middle av-zero-column-padding '   ><style type=\"text\/css\" data-created_by=\"avia_inline_auto\" id=\"style-css-av-av_heading-a56d4585d7012e881a235906f8ba1fe4\">\n#top .av-special-heading.av-av_heading-a56d4585d7012e881a235906f8ba1fe4{\npadding-bottom:10px;\ncolor:#0a0a0a;\nfont-size:28px;\n}\nbody .av-special-heading.av-av_heading-a56d4585d7012e881a235906f8ba1fe4 .av-special-heading-tag .heading-char{\nfont-size:25px;\n}\n#top #wrap_all .av-special-heading.av-av_heading-a56d4585d7012e881a235906f8ba1fe4 .av-special-heading-tag{\nfont-size:28px;\n}\n.av-special-heading.av-av_heading-a56d4585d7012e881a235906f8ba1fe4 .special-heading-inner-border{\nborder-color:#0a0a0a;\n}\n.av-special-heading.av-av_heading-a56d4585d7012e881a235906f8ba1fe4 .av-subheading{\nfont-size:23px;\n}\n<\/style>\n<div  class='av-special-heading av-av_heading-a56d4585d7012e881a235906f8ba1fe4 av-special-heading-h1 custom-color-heading blockquote modern-quote  avia-builder-el-3  avia-builder-el-no-sibling  av-inherit-size'><h1 class='av-special-heading-tag'  itemprop=\"headline\"  >Neubauh\u00e4user in der Schwabachgasse<\/h1><div class='av_custom_color av-subheading av-subheading_below'><p><span style=\"line-height: 44px;\">&#8211; Drei Reihenh\u00e4user und ein Einfamilienhaus<br \/>\n&#8211; Gem\u00fctlich und ruhig &#8211; wohnen in der gr\u00fcnen Gemeinde <\/span><\/p>\n<\/div><div class=\"special-heading-border\"><div class=\"special-heading-inner-border\"><\/div><\/div><\/div><\/div><div class='av-flex-placeholder'><\/div>\n<style type=\"text\/css\" data-created_by=\"avia_inline_auto\" id=\"style-css-av-av_one_third-c2ce7d2c073283453c5e80a2f639b240\">\n.flex_column.av-av_one_third-c2ce7d2c073283453c5e80a2f639b240{\nborder-radius:0px 0px 0px 0px;\n-webkit-border-radius:0px 0px 0px 0px;\n-moz-border-radius:0px 0px 0px 0px;\npadding:10px 0px 0px 0px;\n}\n<\/style>\n<div class='flex_column av-av_one_third-c2ce7d2c073283453c5e80a2f639b240 av_one_third  avia-builder-el-4  el_after_av_two_third  avia-builder-el-last  flex_column_table_cell av-equal-height-column av-align-middle '   ><div  class='avia-button-wrap avia-button-center  avia-builder-el-5  avia-builder-el-no-sibling ' >\n<style type=\"text\/css\" data-created_by=\"avia_inline_auto\" id=\"style-css-av-av_button_big-e84174a73bbd1b347cf4d5cabe1991ef\">\n#top #wrap_all .avia-button.av-av_button_big-e84174a73bbd1b347cf4d5cabe1991ef{\nbackground-color:#0fabf3;\nborder-color:#0fabf3;\ncolor:#ffffff;\ntransition:all 0.4s ease-in-out;\n-webkit-transition:all 0.4s ease-in-out;\n-moz-transition:all 0.4s ease-in-out;\n-ms-transition:all 0.4s ease-in-out;\n-o-transition:all 0.4s ease-in-out;\n}\n#top #wrap_all .avia-button.av-av_button_big-e84174a73bbd1b347cf4d5cabe1991ef:hover{\nbackground-color:#00a5f2;\ncolor:#ffffff;\ntransition:all 0.4s ease-in-out;\n-webkit-transition:all 0.4s ease-in-out;\n-moz-transition:all 0.4s ease-in-out;\n-ms-transition:all 0.4s ease-in-out;\n-o-transition:all 0.4s ease-in-out;\n}\n<\/style>\n<a href='http:\/\/pg-immobilien.com\/uttenreuth\/hauser\/' class='avia-button avia-button-fullwidth av-av_button_big-e84174a73bbd1b347cf4d5cabe1991ef avia-icon_select-no avia-color-custom' ><span class='avia_iconbox_title' >HAUS W\u00c4HLEN<\/span><\/a><\/div><\/div><\/div><!--close column table wrapper. Autoclose: 1 -->\n\n<\/div><\/div><\/div><!-- close content main div --><\/div><\/div><div id='av_section_2'  class='avia-section av-av_section-c2abc8ccff2eda990c5403622a600572 footer_color avia-section-large avia-shadow  avia-builder-el-6  el_after_av_section  el_before_av_layout_row  avia-bg-style-parallax av-minimum-height av-minimum-height-custom  container_wrap sidebar_right'  ><div class='container av-section-cont-open' style='height:480px'><div class='template-page content  av-content-small alpha units'><div class='post-entry post-entry-type-page post-entry-1707'><div class='entry-content-wrapper clearfix'>\n\n<style type=\"text\/css\" data-created_by=\"avia_inline_auto\" id=\"style-css-av-av_heading-bf2333d29116be0a70fde44165c827f6\">\n#top .av-special-heading.av-av_heading-bf2333d29116be0a70fde44165c827f6{\npadding-bottom:10px;\ncolor:#ffffff;\nfont-size:30px;\n}\nbody .av-special-heading.av-av_heading-bf2333d29116be0a70fde44165c827f6 .av-special-heading-tag .heading-char{\nfont-size:25px;\n}\n#top #wrap_all .av-special-heading.av-av_heading-bf2333d29116be0a70fde44165c827f6 .av-special-heading-tag{\nfont-size:30px;\n}\n.av-special-heading.av-av_heading-bf2333d29116be0a70fde44165c827f6 .special-heading-inner-border{\nborder-color:#ffffff;\n}\n.av-special-heading.av-av_heading-bf2333d29116be0a70fde44165c827f6 .av-subheading{\nfont-size:15px;\n}\n<\/style>\n<div  class='av-special-heading av-av_heading-bf2333d29116be0a70fde44165c827f6 av-special-heading-h3 custom-color-heading blockquote modern-quote modern-centered  avia-builder-el-7  el_before_av_hr  avia-builder-el-first  av-inherit-size'><h3 class='av-special-heading-tag'  itemprop=\"headline\"  >Drei Reienh\u00e4user und ein Einfamilienhaus in Uttenreuth<\/h3><div class=\"special-heading-border\"><div class=\"special-heading-inner-border\"><\/div><\/div><\/div>\n\n<style type=\"text\/css\" data-created_by=\"avia_inline_auto\" id=\"style-css-av-av_hr-c0e5687c2a1382bb2b1de02a0197eee3\">\n#top .hr.av-av_hr-c0e5687c2a1382bb2b1de02a0197eee3{\nmargin-top:30px;\nmargin-bottom:40px;\n}\n.hr.av-av_hr-c0e5687c2a1382bb2b1de02a0197eee3 .hr-inner{\nwidth:420px;\nmax-width:45%;\n}\n<\/style>\n<div  class='hr av-av_hr-c0e5687c2a1382bb2b1de02a0197eee3 hr-custom  avia-builder-el-8  el_after_av_heading  el_before_av_one_third  hr-center hr-icon-yes'><span class='hr-inner inner-border-av-border-fat'><span class=\"hr-inner-style\"><\/span><\/span><span class='av-seperator-icon' aria-hidden='true' data-av_icon='\ue82c' data-av_iconfont='fontello'><\/span><span class='hr-inner inner-border-av-border-fat'><span class=\"hr-inner-style\"><\/span><\/span><\/div>\n\n<style type=\"text\/css\" data-created_by=\"avia_inline_auto\" id=\"style-css-av-av_one_third-6126cab7d8fab8d08143dd2dacdf673c\">\n.flex_column.av-av_one_third-6126cab7d8fab8d08143dd2dacdf673c{\nborder-radius:0px 0px 0px 0px;\n-webkit-border-radius:0px 0px 0px 0px;\n-moz-border-radius:0px 0px 0px 0px;\n}\n<\/style>\n<div class='flex_column av-av_one_third-6126cab7d8fab8d08143dd2dacdf673c av_one_third  avia-builder-el-9  el_after_av_hr  el_before_av_one_third  first flex_column_div av-zero-column-padding '   ><style type=\"text\/css\" data-created_by=\"avia_inline_auto\" id=\"style-css-av-av_icon_box-917e7476cb410d37fb35cb32fbb18740\">\n.iconbox.av-av_icon_box-917e7476cb410d37fb35cb32fbb18740 .iconbox_icon{\nbackground-color:#0fabf3;\ncolor:#ffffff;\n}\n#top #wrap_all .iconbox.av-av_icon_box-917e7476cb410d37fb35cb32fbb18740 .iconbox_content_title{\ncolor:#0fabf3;\n}\n.iconbox.av-av_icon_box-917e7476cb410d37fb35cb32fbb18740 .iconbox_content_container{\ncolor:#0a0a0a;\n}\n<\/style>\n<article  class='iconbox iconbox_top av-av_icon_box-917e7476cb410d37fb35cb32fbb18740  avia-builder-el-10  avia-builder-el-no-sibling  main_color'  itemscope=\"itemscope\" itemtype=\"https:\/\/schema.org\/CreativeWork\" ><div class=\"iconbox_content\"><header class=\"entry-content-header\"><div class=\"iconbox_icon heading-color\" aria-hidden='true' data-av_icon='\ue829' data-av_iconfont='fontello'><\/div><\/header><div class='iconbox_content_container av_inherit_color'  itemprop=\"text\" ><p><span style=\"color: #000000;\">WOHNFL\u00c4CHE PRO HAUS<\/span><br \/>\n<span style=\"color: #808080;\">ca. 110-150 m2<\/span><\/p>\n<\/div><\/div><footer class=\"entry-footer\"><\/footer><\/article><\/div>\n<style type=\"text\/css\" data-created_by=\"avia_inline_auto\" id=\"style-css-av-av_one_third-0aa7055fe62c3622faec82866afbaeb2\">\n.flex_column.av-av_one_third-0aa7055fe62c3622faec82866afbaeb2{\nborder-radius:0px 0px 0px 0px;\n-webkit-border-radius:0px 0px 0px 0px;\n-moz-border-radius:0px 0px 0px 0px;\n}\n<\/style>\n<div class='flex_column av-av_one_third-0aa7055fe62c3622faec82866afbaeb2 av_one_third  avia-builder-el-11  el_after_av_one_third  el_before_av_one_third  flex_column_div av-zero-column-padding '   ><style type=\"text\/css\" data-created_by=\"avia_inline_auto\" id=\"style-css-av-av_icon_box-eea30bbeafa3c9a47313a31de620f8ac\">\n.iconbox.av-av_icon_box-eea30bbeafa3c9a47313a31de620f8ac .iconbox_icon{\nbackground-color:#0fabf3;\ncolor:#ffffff;\n}\n#top #wrap_all .iconbox.av-av_icon_box-eea30bbeafa3c9a47313a31de620f8ac .iconbox_content_title{\ncolor:#0fabf3;\n}\n<\/style>\n<article  class='iconbox iconbox_top av-av_icon_box-eea30bbeafa3c9a47313a31de620f8ac  avia-builder-el-12  avia-builder-el-no-sibling  main_color'  itemscope=\"itemscope\" itemtype=\"https:\/\/schema.org\/CreativeWork\" ><div class=\"iconbox_content\"><header class=\"entry-content-header\"><div class=\"iconbox_icon heading-color\" aria-hidden='true' data-av_icon='\ue81d' data-av_iconfont='fontello'><\/div><\/header><div class='iconbox_content_container '  itemprop=\"text\" ><p><span style=\"color: #000000;\">5\u00a0TERRASSEN, 1 GARTENANTEIL,<\/span><br \/>\n<span style=\"color: #808080;\">1 Balkon<\/span><\/p>\n<\/div><\/div><footer class=\"entry-footer\"><\/footer><\/article><\/div>\n<style type=\"text\/css\" data-created_by=\"avia_inline_auto\" id=\"style-css-av-av_one_third-0aa7055fe62c3622faec82866afbaeb2\">\n.flex_column.av-av_one_third-0aa7055fe62c3622faec82866afbaeb2{\nborder-radius:0px 0px 0px 0px;\n-webkit-border-radius:0px 0px 0px 0px;\n-moz-border-radius:0px 0px 0px 0px;\n}\n<\/style>\n<div class='flex_column av-av_one_third-0aa7055fe62c3622faec82866afbaeb2 av_one_third  avia-builder-el-13  el_after_av_one_third  avia-builder-el-last  flex_column_div av-zero-column-padding '   ><style type=\"text\/css\" data-created_by=\"avia_inline_auto\" id=\"style-css-av-av_icon_box-fc5810e49cdf140e2ef2e6de93620e27\">\n.iconbox.av-av_icon_box-fc5810e49cdf140e2ef2e6de93620e27 .iconbox_icon{\nbackground-color:#0fabf3;\ncolor:#ffffff;\n}\n#top #wrap_all .iconbox.av-av_icon_box-fc5810e49cdf140e2ef2e6de93620e27 .iconbox_content_title{\ncolor:#0fabf3;\n}\n<\/style>\n<article  class='iconbox iconbox_top av-av_icon_box-fc5810e49cdf140e2ef2e6de93620e27  avia-builder-el-14  avia-builder-el-no-sibling  main_color'  itemscope=\"itemscope\" itemtype=\"https:\/\/schema.org\/CreativeWork\" ><div class=\"iconbox_content\"><header class=\"entry-content-header\"><div class=\"iconbox_icon heading-color\" aria-hidden='true' data-av_icon='\ue840' data-av_iconfont='fontello'><\/div><\/header><div class='iconbox_content_container '  itemprop=\"text\" ><p><span style=\"color: #000000;\">SIEBEN PKW-STELLPL\u00c4TZE<\/span><br \/>\nund eine Garage<\/p>\n<\/div><\/div><footer class=\"entry-footer\"><\/footer><\/article><\/div><\/div><\/div><\/div><!-- close content main div --><\/div><\/div><div id='av-layout-grid-1'  class='av-layout-grid-container av-av_layout_row-784b2750a2fdf45a1cbebce97456d4db entry-content-wrapper main_color av-flex-cells  avia-builder-el-15  el_after_av_section  avia-builder-el-last  grid-row-not-first  container_wrap sidebar_right'  >\n\n<style type=\"text\/css\" data-created_by=\"avia_inline_auto\" id=\"style-css-av-av_cell_one_half-ec3d08fde78f0997c594f161d9e12e14\">\n.flex_cell.av-av_cell_one_half-ec3d08fde78f0997c594f161d9e12e14{\nvertical-align:middle;\nheight:480px;\nmin-height:480px;\npadding:60px 60px 60px 60px;\nbackground-color:#ffffff;\n}\n<\/style>\n<div class='flex_cell av_one_half av-av_cell_one_half-ec3d08fde78f0997c594f161d9e12e14 no_margin  avia-builder-el-16  el_before_av_cell_one_half  avia-builder-el-first  avia-full-stretch' ><div class='flex_cell_inner'>\n<style type=\"text\/css\" data-created_by=\"avia_inline_auto\" id=\"style-css-av-av_one_full-b18ec1635791c30194c2fc90ea77ba9c\">\n.flex_column.av-av_one_full-b18ec1635791c30194c2fc90ea77ba9c{\nborder-radius:0px 0px 0px 0px;\n-webkit-border-radius:0px 0px 0px 0px;\n-moz-border-radius:0px 0px 0px 0px;\n}\n<\/style>\n<div class='flex_column av-av_one_full-b18ec1635791c30194c2fc90ea77ba9c av_one_full  avia-builder-el-17  avia-builder-el-no-sibling  first flex_column_div av-zero-column-padding '   ><p>\n<style type=\"text\/css\" data-created_by=\"avia_inline_auto\" id=\"style-css-av-av_heading-b11d1395acf993e6b4d70a24896a94a9\">\n#top .av-special-heading.av-av_heading-b11d1395acf993e6b4d70a24896a94a9{\npadding-bottom:10px;\n}\nbody .av-special-heading.av-av_heading-b11d1395acf993e6b4d70a24896a94a9 .av-special-heading-tag .heading-char{\nfont-size:25px;\n}\n.av-special-heading.av-av_heading-b11d1395acf993e6b4d70a24896a94a9 .av-subheading{\nfont-size:15px;\n}\n<\/style>\n<div  class='av-special-heading av-av_heading-b11d1395acf993e6b4d70a24896a94a9 av-special-heading-h2 blockquote modern-quote  avia-builder-el-18  el_before_av_hr  avia-builder-el-first '><h2 class='av-special-heading-tag'  itemprop=\"headline\"  >KfW55 &#8211; Effizienzhaus (EnEV 2016)<\/h2><div class=\"special-heading-border\"><div class=\"special-heading-inner-border\"><\/div><\/div><\/div><br \/>\n\n<style type=\"text\/css\" data-created_by=\"avia_inline_auto\" id=\"style-css-av-av_hr-79cc4e4f0a2132d14184ca10a21a1df1\">\n#top .hr.av-av_hr-79cc4e4f0a2132d14184ca10a21a1df1{\nmargin-top:10px;\nmargin-bottom:10px;\n}\n.hr.av-av_hr-79cc4e4f0a2132d14184ca10a21a1df1 .hr-inner{\nwidth:50px;\nborder-color:#539be8;\n}\n<\/style>\n<div  class='hr av-av_hr-79cc4e4f0a2132d14184ca10a21a1df1 hr-custom  avia-builder-el-19  el_after_av_heading  el_before_av_textblock  hr-left hr-icon-no'><span class='hr-inner inner-border-av-border-fat'><span class=\"hr-inner-style\"><\/span><\/span><\/div><br \/>\n\n<style type=\"text\/css\" data-created_by=\"avia_inline_auto\" id=\"style-css-av-av_textblock-04925bd89c6136d362a84eb2d942e129\">\n#top .av_textblock_section.av-av_textblock-04925bd89c6136d362a84eb2d942e129 .avia_textblock{\nfont-size:17px;\n}\n<\/style>\n<section  class='av_textblock_section av-av_textblock-04925bd89c6136d362a84eb2d942e129'  itemscope=\"itemscope\" itemtype=\"https:\/\/schema.org\/CreativeWork\" ><div class='avia_textblock'  itemprop=\"text\" ><p>&#8211; geringerer Energiebedarf, dadurch weniger laufende Kosten f\u00fcr Sie<br \/>\n&#8211; effiziente, umweltfreundliche Heiztechnik verringert den Schadstoffaussto\u00df<br \/>\n&#8211; allergikerfreundliches Raumklima<\/p>\n<p>Die K\u00e4ufer der Wohnungen haben die M\u00f6glichkeit zwei sehr interessante F\u00f6rderm\u00f6glichkeiten durch die Kreditanstalt f\u00fcr Wiederaufbau (KfW) in Berlin zu erhalten:<br \/>\nBis zu 100.000 \u20ac je Wohneinheit zu einem effektiven Zinssatz ab 1,21% und zus\u00e4tzlich 5% Tilgungszuschuss (wahlweise 1 bis 5 tilgungsfreie Jahre).<\/p>\n<p>Zus\u00e4tzlich m\u00f6glich: bis zu 50.000 \u20ac je Wohneinheit zu einem effektiven Zinssatz ab 0,75%. (1 bis 3 tilgungsfreie Jahre sind wahlweise m\u00f6glich)<\/p>\n<\/div><\/section><\/p><\/div>\n<\/div><\/div>\n<style type=\"text\/css\" data-created_by=\"avia_inline_auto\" id=\"style-css-av-av_cell_one_half-47760edcf659e09de84fee2bb9532329\">\n.flex_cell.av-av_cell_one_half-47760edcf659e09de84fee2bb9532329{\nvertical-align:top;\nheight:480px;\nmin-height:480px;\npadding:40px 40px 0 0;\nbackground:url(http:\/\/pg-immobilien.com\/uttenreuth\/wp-content\/uploads\/sites\/2\/2018\/01\/Wir-bauen-mit-KfW-55-1030x774.jpg) 0% 0% no-repeat scroll ;\n}\n<\/style>\n<div class='flex_cell av_one_half av-av_cell_one_half-47760edcf659e09de84fee2bb9532329 no_margin av-hide-on-mobile  avia-builder-el-21  el_after_av_cell_one_half  avia-builder-el-last ' ><div class='flex_cell_inner'><p>\n<style type=\"text\/css\" data-created_by=\"avia_inline_auto\" id=\"style-css-av-av_image-1a0bfd83b8580b7a8672e34e9421c9d8\">\n.avia-image-container.av-av_image-1a0bfd83b8580b7a8672e34e9421c9d8 .av-image-caption-overlay-center{\ncolor:#ffffff;\n}\n<\/style>\n<div  class='avia-image-container av-av_image-1a0bfd83b8580b7a8672e34e9421c9d8 av-styling- avia-align-right  avia-builder-el-22  el_before_av_notification  avia-builder-el-first '  itemprop=\"image\" itemscope=\"itemscope\" itemtype=\"https:\/\/schema.org\/ImageObject\" ><div class=\"avia-image-container-inner\"><div class=\"avia-image-overlay-wrap\"><img class='avia-img-lazy-loading-not- avia_image' src='http:\/\/n-projekt24.de\/wp-content\/uploads\/2015\/05\/kfwB-180x180.png' alt='' title=''   itemprop=\"thumbnailUrl\"  \/><\/div><\/div><\/div><br \/>\n<div id='avia-messagebox-' class='avia_message_box av_notification av-av_notification-d0d31c596f8e3a8ced30b9c040a3691f avia-color-silver avia-size-normal avia-icon_select-no avia-border-  avia-builder-el-23  el_after_av_image  avia-builder-el-last ' ><span class='avia_message_box_title' >Shutterstock<\/span><div class=\"avia_message_box_content\"><\/div><\/div><\/p>\n<\/div><\/div>\n<\/div><\/p>\n","protected":false},"excerpt":{"rendered":"","protected":false},"author":1,"featured_media":0,"parent":0,"menu_order":1,"comment_status":"open","ping_status":"closed","template":"","meta":[],"_links":{"self":[{"href":"http:\/\/pg-immobilien.com\/uttenreuth\/wp-json\/wp\/v2\/pages\/1707"}],"collection":[{"href":"http:\/\/pg-immobilien.com\/uttenreuth\/wp-json\/wp\/v2\/pages"}],"about":[{"href":"http:\/\/pg-immobilien.com\/uttenreuth\/wp-json\/wp\/v2\/types\/page"}],"author":[{"embeddable":true,"href":"http:\/\/pg-immobilien.com\/uttenreuth\/wp-json\/wp\/v2\/users\/1"}],"replies":[{"embeddable":true,"href":"http:\/\/pg-immobilien.com\/uttenreuth\/wp-json\/wp\/v2\/comments?post=1707"}],"version-history":[{"count":4,"href":"http:\/\/pg-immobilien.com\/uttenreuth\/wp-json\/wp\/v2\/pages\/1707\/revisions"}],"predecessor-version":[{"id":3494,"href":"http:\/\/pg-immobilien.com\/uttenreuth\/wp-json\/wp\/v2\/pages\/1707\/revisions\/3494"}],"wp:attachment":[{"href":"http:\/\/pg-immobilien.com\/uttenreuth\/wp-json\/wp\/v2\/media?parent=1707"}],"curies":[{"name":"wp","href":"https:\/\/api.w.org\/{rel}","templated":true}]}}