{"id":1744,"date":"2015-05-15T15:08:52","date_gmt":"2015-05-15T15:08:52","guid":{"rendered":"http:\/\/bauwille24.de\/?page_id=1744"},"modified":"2022-06-27T01:35:10","modified_gmt":"2022-06-26T22:35:10","slug":"infrastruktur-2","status":"publish","type":"page","link":"http:\/\/pg-immobilien.com\/nuernberg\/infrastruktur-2\/","title":{"rendered":"Infrastruktur"},"content":{"rendered":"\n<style type=\"text\/css\" data-created_by=\"avia_inline_auto\" id=\"style-css-av-1xghecg-c89f60d9b18582b0255124afe92e7373\">\n.avia-section.av-1xghecg-c89f60d9b18582b0255124afe92e7373{\nbackground-color:#363d46;\nbackground-repeat:no-repeat;\nbackground-image:url(http:\/\/pg-immobilien.com\/nuernberg\/wp-content\/uploads\/sites\/3\/2022\/06\/aussenansicht-1-1030x579.jpeg);\nbackground-position:50% 50%;\nbackground-attachment:fixed;\n}\n.avia-section.av-1xghecg-c89f60d9b18582b0255124afe92e7373 .av-section-color-overlay{\nopacity:0.7;\nbackground-color:#000000;\n}\n<\/style>\n<div id='av_section_1'  class='avia-section av-1xghecg-c89f60d9b18582b0255124afe92e7373 main_color avia-section-large avia-no-shadow  avia-builder-el-0  el_before_av_section  avia-builder-el-first  avia-full-stretch avia-bg-style-fixed av-section-color-overlay-active av-minimum-height av-minimum-height-custom  container_wrap sidebar_right'  data-section-bg-repeat='stretch'><div class=\"av-section-color-overlay-wrap\"><div class=\"av-section-color-overlay\"><\/div><div class='container av-section-cont-open' style='height:380px'><main  role=\"main\" itemprop=\"mainContentOfPage\"  class='template-page content  av-content-small alpha units'><div class='post-entry post-entry-type-page post-entry-1744'><div class='entry-content-wrapper clearfix'>\n\n<style type=\"text\/css\" data-created_by=\"avia_inline_auto\" id=\"style-css-av-1vr0luo-9bfb59149a2d3ff62689f5903956fc2b\">\n#top .av-special-heading.av-1vr0luo-9bfb59149a2d3ff62689f5903956fc2b{\npadding-bottom:15px;\ncolor:#ffffff;\nfont-size:50px;\n}\nbody .av-special-heading.av-1vr0luo-9bfb59149a2d3ff62689f5903956fc2b .av-special-heading-tag .heading-char{\nfont-size:25px;\n}\n#top #wrap_all .av-special-heading.av-1vr0luo-9bfb59149a2d3ff62689f5903956fc2b .av-special-heading-tag{\nfont-size:50px;\n}\n.av-special-heading.av-1vr0luo-9bfb59149a2d3ff62689f5903956fc2b .special-heading-inner-border{\nborder-color:#ffffff;\n}\n.av-special-heading.av-1vr0luo-9bfb59149a2d3ff62689f5903956fc2b .av-subheading{\nfont-size:22px;\n}\n<\/style>\n<div  class='av-special-heading av-1vr0luo-9bfb59149a2d3ff62689f5903956fc2b av-special-heading-h1 custom-color-heading blockquote modern-quote modern-centered  avia-builder-el-1  el_before_av_hr  avia-builder-el-first  av-inherit-size'><h1 class='av-special-heading-tag'  itemprop=\"headline\"  >INFRASTRUKTUR<\/h1><div class=\"special-heading-border\"><div class=\"special-heading-inner-border\"><\/div><\/div><\/div>\n\n<style type=\"text\/css\" data-created_by=\"avia_inline_auto\" id=\"style-css-av-6hf128-f30e181718f18b42d37b4c267c8e2de0\">\n#top .hr.av-6hf128-f30e181718f18b42d37b4c267c8e2de0{\nmargin-top:30px;\nmargin-bottom:30px;\n}\n.hr.av-6hf128-f30e181718f18b42d37b4c267c8e2de0 .hr-inner{\nwidth:20%;\nborder-color:rgba(255,255,255,0.76);\nmax-width:45%;\n}\n.hr.av-6hf128-f30e181718f18b42d37b4c267c8e2de0 .av-seperator-icon{\ncolor:#ffffff;\n}\n<\/style>\n<div  class='hr av-6hf128-f30e181718f18b42d37b4c267c8e2de0 hr-custom  avia-builder-el-2  el_after_av_heading  avia-builder-el-last  hr-center hr-icon-yes'><span class='hr-inner inner-border-av-border-fat'><span class=\"hr-inner-style\"><\/span><\/span><span class='av-seperator-icon' aria-hidden='true' data-av_icon='\ue8bf' data-av_iconfont='entypo-fontello'><\/span><span class='hr-inner inner-border-av-border-fat'><span class=\"hr-inner-style\"><\/span><\/span><\/div>\n\n<\/div><\/div><\/main><!-- close content main element --><\/div><\/div><\/div>\n<style type=\"text\/css\" data-created_by=\"avia_inline_auto\" id=\"style-css-av-1rou9eo-ad8c39849ee726eb33e565447aeffbd6\">\n.avia-section.av-1rou9eo-ad8c39849ee726eb33e565447aeffbd6{\nbackground-color:#ffffff;\n}\n<\/style>\n<div id='av_section_2'  class='avia-section av-1rou9eo-ad8c39849ee726eb33e565447aeffbd6 main_color avia-section-default avia-no-border-styling  avia-builder-el-3  el_after_av_section  el_before_av_layout_row  avia-bg-style-scroll container_wrap sidebar_right'  ><div class='container av-section-cont-open' ><div class='template-page content  av-content-small alpha units'><div class='post-entry post-entry-type-page post-entry-1744'><div class='entry-content-wrapper clearfix'>\n\n<style type=\"text\/css\" data-created_by=\"avia_inline_auto\" id=\"style-css-av-1plfxcw-3646bc81d4579160341e32827c677802\">\n#top .av_textblock_section.av-1plfxcw-3646bc81d4579160341e32827c677802 .avia_textblock{\nfont-size:20px;\n}\n<\/style>\n<section  class='av_textblock_section av-1plfxcw-3646bc81d4579160341e32827c677802'  itemscope=\"itemscope\" itemtype=\"https:\/\/schema.org\/CreativeWork\" ><div class='avia_textblock'  itemprop=\"text\" ><p><img decoding=\"async\" loading=\"lazy\" class=\"alignleft size-full wp-image-1042\" src=\"http:\/\/n-projekt24.de\/wp-content\/uploads\/2016\/12\/mortargage.png\" alt=\"\" width=\"50\" height=\"50\" \/><\/p>\n<p class=\"ruhig\"><strong>Ruhiges aber doch Zentrales Wohnen in N\u00fcrnberg Wetzendorf<\/strong><\/p>\n<\/div><\/section>\n<section  class='av_textblock_section av-1o6pkwg-0d33382ad8a98661a507ee699e430782'  itemscope=\"itemscope\" itemtype=\"https:\/\/schema.org\/CreativeWork\" ><div class='avia_textblock'  itemprop=\"text\" ><p>Aufgrund der g\u00fcnstigen Verkehrsanbindung an die Metropolregion steht eine fast unbegrenzte Auswahl an Schulen, Universit\u00e4ten und Jobangeboten zur Auswahl. Nahversorgungsm\u00f6glichkeiten wie Einkaufs-zentren, \u00c4rzte und Apotheken finden Sie in unmittelbarer N\u00e4he, und auch das Freizeitangebot l\u00e4sst keine W\u00fcnsche offen.<\/p>\n<\/div><\/section>\n\n<style type=\"text\/css\" data-created_by=\"avia_inline_auto\" id=\"style-css-av-1n3qjn4-71e9f3eae0aa412e07059ebc66a28de2\">\n.flex_column.av-1n3qjn4-71e9f3eae0aa412e07059ebc66a28de2{\nborder-radius:0px 0px 0px 0px;\n-webkit-border-radius:0px 0px 0px 0px;\n-moz-border-radius:0px 0px 0px 0px;\n}\n<\/style>\n<div class='flex_column av-1n3qjn4-71e9f3eae0aa412e07059ebc66a28de2 av_one_third  avia-builder-el-6  el_after_av_textblock  el_before_av_one_third  first flex_column_div av-zero-column-padding column-top-margin'   ><section  class='av_textblock_section av-5ozd7k-d1c3495a3f0374319ffb51771ac8a12a'  itemscope=\"itemscope\" itemtype=\"https:\/\/schema.org\/CreativeWork\" ><div class='avia_textblock'  itemprop=\"text\" ><p><img decoding=\"async\" loading=\"lazy\" class=\"alignleft wp-image-3509\" src=\"http:\/\/pg-immobilien.com\/nuernberg\/wp-content\/uploads\/sites\/3\/2018\/08\/basket-light-blue-300x300.png\" alt=\"\" width=\"48\" height=\"48\" srcset=\"http:\/\/pg-immobilien.com\/nuernberg\/wp-content\/uploads\/sites\/3\/2018\/08\/basket-light-blue-300x300.png 300w, http:\/\/pg-immobilien.com\/nuernberg\/wp-content\/uploads\/sites\/3\/2018\/08\/basket-light-blue-80x80.png 80w, http:\/\/pg-immobilien.com\/nuernberg\/wp-content\/uploads\/sites\/3\/2018\/08\/basket-light-blue-36x36.png 36w, http:\/\/pg-immobilien.com\/nuernberg\/wp-content\/uploads\/sites\/3\/2018\/08\/basket-light-blue-180x180.png 180w, http:\/\/pg-immobilien.com\/nuernberg\/wp-content\/uploads\/sites\/3\/2018\/08\/basket-light-blue-120x120.png 120w, http:\/\/pg-immobilien.com\/nuernberg\/wp-content\/uploads\/sites\/3\/2018\/08\/basket-light-blue-450x450.png 450w, http:\/\/pg-immobilien.com\/nuernberg\/wp-content\/uploads\/sites\/3\/2018\/08\/basket-light-blue.png 512w\" sizes=\"(max-width: 48px) 100vw, 48px\" \/><\/p>\n<h3 class=\"iconbox_content_title\" style=\"margin-bottom: 30px; line-height: 55px;\">EINKAUFSM\u00d6GLICHKEITEN:<\/h3>\n<p><strong>1. Lidl <\/strong>&#8211; 600 m<br \/>\n<strong>2. B\u00e4cker Bock<\/strong> &#8211; 800 m<br \/>\n<strong>3. OMV Tankstelle<\/strong> &#8211; 550 m<br \/>\n<strong>4. ebl-Naturkost GmbH<\/strong> &#8211; 800 m<br \/>\n<strong>5. Sybal B\u00e4ckerei<\/strong> &#8211; 800 m<br \/>\n<strong>6. Schniegling Apotheke<\/strong> &#8211; 400 m<\/p>\n<\/div><\/section><\/div>\n<style type=\"text\/css\" data-created_by=\"avia_inline_auto\" id=\"style-css-av-1j1ihgw-4b709546e4f81550f39296fbfe94d47f\">\n.flex_column.av-1j1ihgw-4b709546e4f81550f39296fbfe94d47f{\nborder-radius:0px 0px 0px 0px;\n-webkit-border-radius:0px 0px 0px 0px;\n-moz-border-radius:0px 0px 0px 0px;\n}\n<\/style>\n<div class='flex_column av-1j1ihgw-4b709546e4f81550f39296fbfe94d47f av_one_third  avia-builder-el-8  el_after_av_one_third  el_before_av_one_third  flex_column_div av-zero-column-padding column-top-margin'   ><section  class='av_textblock_section av-1htamdc-0c85a5fde508b5d498ee3a6289740fa4'  itemscope=\"itemscope\" itemtype=\"https:\/\/schema.org\/CreativeWork\" ><div class='avia_textblock'  itemprop=\"text\" ><p><img decoding=\"async\" loading=\"lazy\" class=\"wp-image-3531 size-full alignleft\" src=\"http:\/\/pg-immobilien.com\/nuernberg\/wp-content\/uploads\/sites\/3\/2018\/08\/restaurant.png\" alt=\"\" width=\"48\" height=\"48\" srcset=\"http:\/\/pg-immobilien.com\/nuernberg\/wp-content\/uploads\/sites\/3\/2018\/08\/restaurant.png 48w, http:\/\/pg-immobilien.com\/nuernberg\/wp-content\/uploads\/sites\/3\/2018\/08\/restaurant-36x36.png 36w\" sizes=\"(max-width: 48px) 100vw, 48px\" \/><\/p>\n<h3 class=\"iconbox_content_title\" style=\"margin-bottom: 30px; line-height: 55px;\">GASTRONOMIE:<\/h3>\n<p><strong>7. La Tapa <\/strong>&#8211; 500 m<br \/>\n<strong>8. Campo-Eis<\/strong> &#8211; 500 m<br \/>\n<strong>9. Restaurant Domenico<\/strong> &#8211; 500 m<br \/>\n<strong>10. Garten Athen<\/strong> &#8211; 550 m<br \/>\n<strong>11. Bub<\/strong> &#8211; 350 m<\/p>\n<\/div><\/section><\/div>\n<style type=\"text\/css\" data-created_by=\"avia_inline_auto\" id=\"style-css-av-1g21qs0-f4c410a5a6605178a05f6e2876ee6268\">\n.flex_column.av-1g21qs0-f4c410a5a6605178a05f6e2876ee6268{\nborder-radius:0px 0px 0px 0px;\n-webkit-border-radius:0px 0px 0px 0px;\n-moz-border-radius:0px 0px 0px 0px;\n}\n<\/style>\n<div class='flex_column av-1g21qs0-f4c410a5a6605178a05f6e2876ee6268 av_one_third  avia-builder-el-10  el_after_av_one_third  el_before_av_one_third  flex_column_div av-zero-column-padding column-top-margin'   ><section  class='av_textblock_section av-1e73rio-f503b3fb2dbb0d4e112a7f5811cb74c8'  itemscope=\"itemscope\" itemtype=\"https:\/\/schema.org\/CreativeWork\" ><div class='avia_textblock'  itemprop=\"text\" ><p><img decoding=\"async\" loading=\"lazy\" class=\"wp-image-3532 size-full alignleft\" src=\"http:\/\/pg-immobilien.com\/nuernberg\/wp-content\/uploads\/sites\/3\/2018\/08\/university.png\" alt=\"\" width=\"48\" height=\"48\" srcset=\"http:\/\/pg-immobilien.com\/nuernberg\/wp-content\/uploads\/sites\/3\/2018\/08\/university.png 48w, http:\/\/pg-immobilien.com\/nuernberg\/wp-content\/uploads\/sites\/3\/2018\/08\/university-36x36.png 36w\" sizes=\"(max-width: 48px) 100vw, 48px\" \/><\/p>\n<h3 class=\"iconbox_content_title\" style=\"margin-bottom: 30px; line-height: 55px;\">\u00d6FFENTLICHE EINRICHTUNGEN:<\/h3>\n<p><strong>12. Grundschule Wahlerschule <\/strong>&#8211; 400 m<br \/>\n<strong>13. Serzsches Schloss<\/strong> &#8211; 400 m<br \/>\n<strong>14. Spielplatz Wahlerstra\u00dfe<\/strong> &#8211; 400 m<br \/>\n<strong>15. SC Germania EV<\/strong> &#8211; 750 m<\/p>\n<\/div><\/section><\/div>\n<style type=\"text\/css\" data-created_by=\"avia_inline_auto\" id=\"style-css-av-1dlul80-c9c6bda04fb14c0cd04ace346ce9ace7\">\n.flex_column.av-1dlul80-c9c6bda04fb14c0cd04ace346ce9ace7{\nborder-radius:0px 0px 0px 0px;\n-webkit-border-radius:0px 0px 0px 0px;\n-moz-border-radius:0px 0px 0px 0px;\n}\n<\/style>\n<div class='flex_column av-1dlul80-c9c6bda04fb14c0cd04ace346ce9ace7 av_one_third  avia-builder-el-12  el_after_av_one_third  el_before_av_one_third  first flex_column_div av-zero-column-padding column-top-margin'   ><section  class='av_textblock_section av-4nuchs-6438b50224b47c12266884acec64917a'  itemscope=\"itemscope\" itemtype=\"https:\/\/schema.org\/CreativeWork\" ><div class='avia_textblock'  itemprop=\"text\" ><p><img decoding=\"async\" loading=\"lazy\" class=\"wp-image-3534 size-full alignleft\" src=\"http:\/\/pg-immobilien.com\/nuernberg\/wp-content\/uploads\/sites\/3\/2018\/08\/bank.png\" alt=\"\" width=\"48\" height=\"48\" srcset=\"http:\/\/pg-immobilien.com\/nuernberg\/wp-content\/uploads\/sites\/3\/2018\/08\/bank.png 48w, http:\/\/pg-immobilien.com\/nuernberg\/wp-content\/uploads\/sites\/3\/2018\/08\/bank-36x36.png 36w\" sizes=\"(max-width: 48px) 100vw, 48px\" \/><\/p>\n<h3 class=\"iconbox_content_title\" style=\"margin-bottom: 30px; line-height: 55px;\">BANKEN\/POST:<\/h3>\n<p><strong>16. Sparkasse <\/strong>&#8211; 400 m<br \/>\n<strong>17. Deutsche Post<\/strong> &#8211; 1300 m<\/p>\n<\/div><\/section><\/div>\n<style type=\"text\/css\" data-created_by=\"avia_inline_auto\" id=\"style-css-av-19dl6z4-1e89ba94961f9a369c74ebe324976505\">\n.flex_column.av-19dl6z4-1e89ba94961f9a369c74ebe324976505{\nborder-radius:0px 0px 0px 0px;\n-webkit-border-radius:0px 0px 0px 0px;\n-moz-border-radius:0px 0px 0px 0px;\n}\n<\/style>\n<div class='flex_column av-19dl6z4-1e89ba94961f9a369c74ebe324976505 av_one_third  avia-builder-el-14  el_after_av_one_third  avia-builder-el-last  flex_column_div av-zero-column-padding column-top-margin'   ><section  class='av_textblock_section av-18n3ek0-b1a72252d8c5cd43d66bdaf6e0546f33'  itemscope=\"itemscope\" itemtype=\"https:\/\/schema.org\/CreativeWork\" ><div class='avia_textblock'  itemprop=\"text\" ><p><img decoding=\"async\" loading=\"lazy\" class=\"wp-image-3538 alignleft\" src=\"http:\/\/pg-immobilien.com\/nuernberg\/wp-content\/uploads\/sites\/3\/2018\/08\/affiliate-_icon-1-300x300.png\" alt=\"\" width=\"48\" height=\"48\" srcset=\"http:\/\/pg-immobilien.com\/nuernberg\/wp-content\/uploads\/sites\/3\/2018\/08\/affiliate-_icon-1-300x300.png 300w, http:\/\/pg-immobilien.com\/nuernberg\/wp-content\/uploads\/sites\/3\/2018\/08\/affiliate-_icon-1-80x80.png 80w, http:\/\/pg-immobilien.com\/nuernberg\/wp-content\/uploads\/sites\/3\/2018\/08\/affiliate-_icon-1-36x36.png 36w, http:\/\/pg-immobilien.com\/nuernberg\/wp-content\/uploads\/sites\/3\/2018\/08\/affiliate-_icon-1-180x180.png 180w, http:\/\/pg-immobilien.com\/nuernberg\/wp-content\/uploads\/sites\/3\/2018\/08\/affiliate-_icon-1.png 400w, http:\/\/pg-immobilien.com\/nuernberg\/wp-content\/uploads\/sites\/3\/2018\/08\/affiliate-_icon-1-120x120.png 120w\" sizes=\"(max-width: 48px) 100vw, 48px\" \/><\/p>\n<h3 class=\"iconbox_content_title\" style=\"margin-bottom: 30px; line-height: 55px;\">DIENSTLEISTUNGEN::<\/h3>\n<p><strong>18. Haarstudio Zeli <\/strong>&#8211; 240 m<br \/>\n<strong>19. Blumen Bingold<\/strong> &#8211; 800 m<br \/>\n<strong>20. \u00c4rtzte <\/strong> &#8211; 450 m<\/p>\n<\/div><\/section><\/div>\n\n<\/div><\/div><\/div><!-- close content main div --><\/div><\/div><div id='av-layout-grid-1'  class='av-layout-grid-container av-16c1fo0-c4e22d5fcd35b545452a475b16a6aa14 entry-content-wrapper main_color av-flex-cells  avia-builder-el-16  el_after_av_section  avia-builder-el-last  grid-row-not-first  container_wrap sidebar_right'  >\n\n<style type=\"text\/css\" data-created_by=\"avia_inline_auto\" id=\"style-css-av-14w52v4-fda3e2bade2c5e2528b4e9d2edd3bc9e\">\n.flex_cell.av-14w52v4-fda3e2bade2c5e2528b4e9d2edd3bc9e{\nvertical-align:top;\npadding:0px 0px 0px 0px;\n}\n<\/style>\n<div class='flex_cell av_one_full av-14w52v4-fda3e2bade2c5e2528b4e9d2edd3bc9e no_margin  avia-builder-el-17  avia-builder-el-no-sibling  av-zero-padding' ><div class='flex_cell_inner'><section  class='av_textblock_section av-131xw40-8dda687e7530b3abff99f34f79d85eee'  itemscope=\"itemscope\" itemtype=\"https:\/\/schema.org\/CreativeWork\" ><div class='avia_textblock'  itemprop=\"text\" ><p style=\"text-align: center;\"><span style=\"font-size: 11px;\">Die verwendeten Logos und Markennamen stehen in keiner Verbindung mit der P&#038;G-IMMOBILIEN GMBH und geh\u00f6ren dem jeweiligen Markeninhaber.<\/span><\/p>\n<\/div><\/section><br \/>\n<div  class='av_gmaps_sc_main_wrap av_gmaps_main_wrap '><div id='av_gmap_0' class='avia-google-map-container avia-google-map-sc av_gmaps_show_unconditionally av-no-fallback-img ' data-mapid='av_gmap_0'  style='height: 560px;'><a class=\"av_gmaps_browser_disabled av_text_confirm_link av_text_confirm_link_visible\" href=\"https:\/\/www.google.com\/maps\/search\/?api=1&#038;query=Fraunethaler%20weg%2010%20%20Nuernberg%20%20Germany\" target=\"_blank\" rel=\"noopener\">Aufgrund deiner Datenschutz-Einstellungen k\u00f6nnen wir Ihnen die Karte nicht anzeigen. Klicken Sie hier, um die Karte in einem neuen Fenster zu \u00f6ffnen.<\/a><\/div><\/div><\/p>\n<\/div><\/div>\n<\/div>\n","protected":false},"excerpt":{"rendered":"","protected":false},"author":2,"featured_media":0,"parent":0,"menu_order":4,"comment_status":"open","ping_status":"open","template":"","meta":[],"_links":{"self":[{"href":"http:\/\/pg-immobilien.com\/nuernberg\/wp-json\/wp\/v2\/pages\/1744"}],"collection":[{"href":"http:\/\/pg-immobilien.com\/nuernberg\/wp-json\/wp\/v2\/pages"}],"about":[{"href":"http:\/\/pg-immobilien.com\/nuernberg\/wp-json\/wp\/v2\/types\/page"}],"author":[{"embeddable":true,"href":"http:\/\/pg-immobilien.com\/nuernberg\/wp-json\/wp\/v2\/users\/2"}],"replies":[{"embeddable":true,"href":"http:\/\/pg-immobilien.com\/nuernberg\/wp-json\/wp\/v2\/comments?post=1744"}],"version-history":[{"count":34,"href":"http:\/\/pg-immobilien.com\/nuernberg\/wp-json\/wp\/v2\/pages\/1744\/revisions"}],"predecessor-version":[{"id":4021,"href":"http:\/\/pg-immobilien.com\/nuernberg\/wp-json\/wp\/v2\/pages\/1744\/revisions\/4021"}],"wp:attachment":[{"href":"http:\/\/pg-immobilien.com\/nuernberg\/wp-json\/wp\/v2\/media?parent=1744"}],"curies":[{"name":"wp","href":"https:\/\/api.w.org\/{rel}","templated":true}]}}