{"id":1748,"date":"2014-08-24T17:14:26","date_gmt":"2014-08-24T17:14:26","guid":{"rendered":"http:\/\/bauwille24.de\/?page_id=1748"},"modified":"2019-04-02T10:21:47","modified_gmt":"2019-04-02T08:21:47","slug":"ausstattung","status":"publish","type":"page","link":"http:\/\/pg-immobilien.com\/cadolzburg\/ausstattung\/","title":{"rendered":"Ausstattung"},"content":{"rendered":"\n<style type=\"text\/css\" data-created_by=\"avia_inline_auto\" id=\"style-css-av-av_section-41214bb4001f128161125c0a3578f6ab\">\n.avia-section.av-av_section-41214bb4001f128161125c0a3578f6ab{\nbackground-color:#363d46;\n}\n<\/style>\n<div id='av_section_1'  class='avia-section av-av_section-41214bb4001f128161125c0a3578f6ab main_color avia-section-small avia-no-shadow  avia-builder-el-0  el_before_av_layout_row  avia-builder-el-first  avia-bg-style-fixed av-minimum-height av-minimum-height-custom  container_wrap sidebar_right'  ><div class='container av-section-cont-open' style='height:220px'><main  role=\"main\" itemprop=\"mainContentOfPage\"  class='template-page content  av-content-small alpha units'><div class='post-entry post-entry-type-page post-entry-1748'><div class='entry-content-wrapper clearfix'>\n\n<style type=\"text\/css\" data-created_by=\"avia_inline_auto\" id=\"style-css-av-av_heading-612b5ee58ea266003b0551d919012876\">\n#top .av-special-heading.av-av_heading-612b5ee58ea266003b0551d919012876{\npadding-bottom:0px;\ncolor:#ffffff;\nfont-size:50px;\n}\nbody .av-special-heading.av-av_heading-612b5ee58ea266003b0551d919012876 .av-special-heading-tag .heading-char{\nfont-size:25px;\n}\n#top #wrap_all .av-special-heading.av-av_heading-612b5ee58ea266003b0551d919012876 .av-special-heading-tag{\nfont-size:50px;\n}\n.av-special-heading.av-av_heading-612b5ee58ea266003b0551d919012876 .special-heading-inner-border{\nborder-color:#ffffff;\n}\n.av-special-heading.av-av_heading-612b5ee58ea266003b0551d919012876 .av-subheading{\nfont-size:15px;\n}\n<\/style>\n<div  class='av-special-heading av-av_heading-612b5ee58ea266003b0551d919012876 av-special-heading-h3 custom-color-heading blockquote modern-quote modern-centered  avia-builder-el-1  el_before_av_hr  avia-builder-el-first  av-inherit-size'><h3 class='av-special-heading-tag'  itemprop=\"headline\"  >Ausstattung<\/h3><div class=\"special-heading-border\"><div class=\"special-heading-inner-border\"><\/div><\/div><\/div>\n\n<style type=\"text\/css\" data-created_by=\"avia_inline_auto\" id=\"style-css-av-av_hr-95cb2eb659e15dd2a2023ff0f2e050f5\">\n#top .hr.av-av_hr-95cb2eb659e15dd2a2023ff0f2e050f5{\nmargin-top:20px;\nmargin-bottom:20px;\n}\n.hr.av-av_hr-95cb2eb659e15dd2a2023ff0f2e050f5 .hr-inner{\nwidth:20%;\nborder-color:rgba(255,255,255,0.76);\nmax-width:45%;\n}\n.hr.av-av_hr-95cb2eb659e15dd2a2023ff0f2e050f5 .av-seperator-icon{\ncolor:#ffffff;\n}\n<\/style>\n<div  class='hr av-av_hr-95cb2eb659e15dd2a2023ff0f2e050f5 hr-custom  avia-builder-el-2  el_after_av_heading  avia-builder-el-last  hr-center hr-icon-yes'><span class='hr-inner inner-border-av-border-thin'><span class=\"hr-inner-style\"><\/span><\/span><span class='av-seperator-icon' aria-hidden='true' data-av_icon='\ue8bf' data-av_iconfont='entypo-fontello'><\/span><span class='hr-inner inner-border-av-border-thin'><span class=\"hr-inner-style\"><\/span><\/span><\/div>\n\n<\/div><\/div><\/main><!-- close content main element --><\/div><\/div><div id='av-layout-grid-1'  class='av-layout-grid-container av-av_layout_row-54e9c5b86d1edeef0aabc74036eb2b76 entry-content-wrapper main_color av-fixed-cells  avia-builder-el-3  el_after_av_section  el_before_av_layout_row  grid-row-not-first  container_wrap sidebar_right'  >\n\n<style type=\"text\/css\" data-created_by=\"avia_inline_auto\" id=\"style-css-av-av_cell_one_half-98b51763d0bf3d3a8aadc45521856441\">\n.flex_cell.av-av_cell_one_half-98b51763d0bf3d3a8aadc45521856441{\nvertical-align:middle;\nheight:480px;\nmin-height:480px;\npadding:60px 60px 60px 60px;\n}\n<\/style>\n<div class='flex_cell av_one_half av-av_cell_one_half-98b51763d0bf3d3a8aadc45521856441 no_margin  avia-builder-el-4  el_before_av_cell_one_half  avia-builder-el-first ' ><div class='flex_cell_inner'><p>\n<style type=\"text\/css\" data-created_by=\"avia_inline_auto\" id=\"style-css-av-av_heading-1ff414f45d108ba6c5aa63ff05bf9160\">\n#top .av-special-heading.av-av_heading-1ff414f45d108ba6c5aa63ff05bf9160{\npadding-bottom:10px;\n}\nbody .av-special-heading.av-av_heading-1ff414f45d108ba6c5aa63ff05bf9160 .av-special-heading-tag .heading-char{\nfont-size:25px;\n}\n.av-special-heading.av-av_heading-1ff414f45d108ba6c5aa63ff05bf9160 .av-subheading{\nfont-size:15px;\n}\n<\/style>\n<div  class='av-special-heading av-av_heading-1ff414f45d108ba6c5aa63ff05bf9160 av-special-heading-h2 blockquote modern-quote  avia-builder-el-5  el_before_av_hr  avia-builder-el-first '><h2 class='av-special-heading-tag'  itemprop=\"headline\"  >Vinylbelag<\/h2><div class=\"special-heading-border\"><div class=\"special-heading-inner-border\"><\/div><\/div><\/div><br \/>\n\n<style type=\"text\/css\" data-created_by=\"avia_inline_auto\" id=\"style-css-av-av_hr-79cc4e4f0a2132d14184ca10a21a1df1\">\n#top .hr.av-av_hr-79cc4e4f0a2132d14184ca10a21a1df1{\nmargin-top:10px;\nmargin-bottom:10px;\n}\n.hr.av-av_hr-79cc4e4f0a2132d14184ca10a21a1df1 .hr-inner{\nwidth:50px;\nborder-color:#539be8;\n}\n<\/style>\n<div  class='hr av-av_hr-79cc4e4f0a2132d14184ca10a21a1df1 hr-custom  avia-builder-el-6  el_after_av_heading  el_before_av_textblock  hr-left hr-icon-no'><span class='hr-inner inner-border-av-border-fat'><span class=\"hr-inner-style\"><\/span><\/span><\/div><br \/>\n<section  class='av_textblock_section av-av_textblock-2de302bf1aa3cf4c9157dbe6f50ac7eb'  itemscope=\"itemscope\" itemtype=\"https:\/\/schema.org\/CreativeWork\" ><div class='avia_textblock'  itemprop=\"text\" ><p>Alle Schlafr\u00e4ume, sowie der Wohn- und Essbereich sind standardm\u00e4\u00dfig mit Vinylbelag ausgestattet.<br \/>\nVinylb\u00f6den haben eine sehr strapazierf\u00e4hige Oberfl\u00e4che, die sehr leicht zu reinigen ist.<br \/>\nF\u00fcr Allergiker sind sie ebenfalls unbedenklich.<\/p>\n<\/div><\/section><\/p>\n<\/div><\/div>\n<style type=\"text\/css\" data-created_by=\"avia_inline_auto\" id=\"style-css-av-av_cell_one_half-96d3c4515e7ea98da79292fb0db1c41c\">\n.flex_cell.av-av_cell_one_half-96d3c4515e7ea98da79292fb0db1c41c{\nvertical-align:bottom;\nheight:480px;\nmin-height:480px;\npadding:0px 0px 0px 0px;\nbackground:url(http:\/\/pg-immobilien.com\/cadolzburg\/wp-content\/uploads\/sites\/4\/2018\/08\/parket-1030x682-1030x682.jpg) 0% 0% no-repeat scroll ;\n}\n<\/style>\n<div class='flex_cell av_one_half av-av_cell_one_half-96d3c4515e7ea98da79292fb0db1c41c no_margin av-hide-on-mobile  avia-builder-el-8  el_after_av_cell_one_half  avia-builder-el-last  av-zero-padding' ><div class='flex_cell_inner'><div id='avia-messagebox-' class='avia_message_box av_notification av-av_notification-37f9d10c7715b2222ed7e93556898aac avia-color-silver avia-size-normal avia-icon_select-no avia-border-  avia-builder-el-9  avia-builder-el-no-sibling ' ><span class='avia_message_box_title' >Shutterstock<\/span><div class=\"avia_message_box_content\"><\/div><\/div>\n<\/div><\/div><\/div><div id='av-layout-grid-2'  class='av-layout-grid-container av-av_layout_row-54e9c5b86d1edeef0aabc74036eb2b76 entry-content-wrapper main_color av-fixed-cells  avia-builder-el-10  el_after_av_layout_row  el_before_av_layout_row  grid-row-not-first  container_wrap sidebar_right'  >\n\n<style type=\"text\/css\" data-created_by=\"avia_inline_auto\" id=\"style-css-av-av_cell_one_half-616264372cbc8943f17f809b7b15cdf9\">\n.flex_cell.av-av_cell_one_half-616264372cbc8943f17f809b7b15cdf9{\nvertical-align:bottom;\nheight:480px;\nmin-height:480px;\npadding:0px 0px 0px 0px;\nbackground:url(http:\/\/pg-immobilien.com\/cadolzburg\/wp-content\/uploads\/sites\/4\/2018\/09\/sanuzel2-1030x773-1030x773-1030x773.jpg) 100% 100% no-repeat scroll ;\n}\n<\/style>\n<div class='flex_cell av_one_half av-av_cell_one_half-616264372cbc8943f17f809b7b15cdf9 no_margin av-hide-on-mobile  avia-builder-el-11  el_before_av_cell_one_half  avia-builder-el-first  av-zero-padding' ><div class='flex_cell_inner'><div id='avia-messagebox-' class='avia_message_box av_notification av-av_notification-65639b38a04c49491601d1f1abddd993 avia-color-silver avia-size-normal avia-icon_select-no avia-border-  avia-builder-el-12  avia-builder-el-no-sibling ' ><span class='avia_message_box_title' >unverbindliche Visualisierung<\/span><div class=\"avia_message_box_content\"><\/div><\/div>\n<\/div><\/div>\n<style type=\"text\/css\" data-created_by=\"avia_inline_auto\" id=\"style-css-av-av_cell_one_half-abf8339dcddfed7896c7f587bfeb4025\">\n.flex_cell.av-av_cell_one_half-abf8339dcddfed7896c7f587bfeb4025{\nvertical-align:middle;\nheight:480px;\nmin-height:480px;\npadding:60px 60px 60px 60px;\n}\n<\/style>\n<div class='flex_cell av_one_half av-av_cell_one_half-abf8339dcddfed7896c7f587bfeb4025 no_margin  avia-builder-el-13  el_after_av_cell_one_half  avia-builder-el-last ' ><div class='flex_cell_inner'><p>\n<style type=\"text\/css\" data-created_by=\"avia_inline_auto\" id=\"style-css-av-av_heading-efc769925c44cf72c9752a3c609d0da1\">\n#top .av-special-heading.av-av_heading-efc769925c44cf72c9752a3c609d0da1{\npadding-bottom:10px;\n}\nbody .av-special-heading.av-av_heading-efc769925c44cf72c9752a3c609d0da1 .av-special-heading-tag .heading-char{\nfont-size:25px;\n}\n.av-special-heading.av-av_heading-efc769925c44cf72c9752a3c609d0da1 .av-subheading{\nfont-size:15px;\n}\n<\/style>\n<div  class='av-special-heading av-av_heading-efc769925c44cf72c9752a3c609d0da1 av-special-heading-h2 blockquote modern-quote  avia-builder-el-14  el_before_av_hr  avia-builder-el-first '><h2 class='av-special-heading-tag'  itemprop=\"headline\"  >Designfliesen in den Badezimmern<\/h2><div class=\"special-heading-border\"><div class=\"special-heading-inner-border\"><\/div><\/div><\/div><br \/>\n\n<style type=\"text\/css\" data-created_by=\"avia_inline_auto\" id=\"style-css-av-av_hr-79cc4e4f0a2132d14184ca10a21a1df1\">\n#top .hr.av-av_hr-79cc4e4f0a2132d14184ca10a21a1df1{\nmargin-top:10px;\nmargin-bottom:10px;\n}\n.hr.av-av_hr-79cc4e4f0a2132d14184ca10a21a1df1 .hr-inner{\nwidth:50px;\nborder-color:#539be8;\n}\n<\/style>\n<div  class='hr av-av_hr-79cc4e4f0a2132d14184ca10a21a1df1 hr-custom  avia-builder-el-15  el_after_av_heading  el_before_av_textblock  hr-left hr-icon-no'><span class='hr-inner inner-border-av-border-fat'><span class=\"hr-inner-style\"><\/span><\/span><\/div><br \/>\n<section  class='av_textblock_section av-av_textblock-0366cc7376be6c9e82a3e9cc8987b64f'  itemscope=\"itemscope\" itemtype=\"https:\/\/schema.org\/CreativeWork\" ><div class='avia_textblock'  itemprop=\"text\" ><p>Moderne Badausstattungen, optional bodengleiche Duschen mit Echtglas- Abtrennungen und schicke Feinsteinzeugfliesen bieten eine Wohnqualit\u00e4t auf h\u00f6chstem Niveau und lassen keine W\u00fcnsche offen.<\/p>\n<\/div><\/section><\/p>\n<\/div><\/div>\n<\/div><\/p>\n<div id='av-layout-grid-3'  class='av-layout-grid-container av-av_layout_row-54e9c5b86d1edeef0aabc74036eb2b76 entry-content-wrapper main_color av-fixed-cells  avia-builder-el-17  el_after_av_layout_row  el_before_av_layout_row  grid-row-not-first  container_wrap sidebar_right'  >\n\n<style type=\"text\/css\" data-created_by=\"avia_inline_auto\" id=\"style-css-av-av_cell_one_half-98b51763d0bf3d3a8aadc45521856441\">\n.flex_cell.av-av_cell_one_half-98b51763d0bf3d3a8aadc45521856441{\nvertical-align:middle;\nheight:480px;\nmin-height:480px;\npadding:60px 60px 60px 60px;\n}\n<\/style>\n<div class='flex_cell av_one_half av-av_cell_one_half-98b51763d0bf3d3a8aadc45521856441 no_margin  avia-builder-el-18  el_before_av_cell_one_half  avia-builder-el-first ' ><div class='flex_cell_inner'><p>\n<style type=\"text\/css\" data-created_by=\"avia_inline_auto\" id=\"style-css-av-av_heading-d7e28bf2d919b4c38387f5c3e537854d\">\n#top .av-special-heading.av-av_heading-d7e28bf2d919b4c38387f5c3e537854d{\npadding-bottom:10px;\n}\nbody .av-special-heading.av-av_heading-d7e28bf2d919b4c38387f5c3e537854d .av-special-heading-tag .heading-char{\nfont-size:25px;\n}\n.av-special-heading.av-av_heading-d7e28bf2d919b4c38387f5c3e537854d .av-subheading{\nfont-size:15px;\n}\n<\/style>\n<div  class='av-special-heading av-av_heading-d7e28bf2d919b4c38387f5c3e537854d av-special-heading-h2 blockquote modern-quote  avia-builder-el-19  el_before_av_hr  avia-builder-el-first '><h2 class='av-special-heading-tag'  itemprop=\"headline\"  >Dreifach-Isolierverglasung aller Fenster<\/h2><div class=\"special-heading-border\"><div class=\"special-heading-inner-border\"><\/div><\/div><\/div><br \/>\n\n<style type=\"text\/css\" data-created_by=\"avia_inline_auto\" id=\"style-css-av-av_hr-79cc4e4f0a2132d14184ca10a21a1df1\">\n#top .hr.av-av_hr-79cc4e4f0a2132d14184ca10a21a1df1{\nmargin-top:10px;\nmargin-bottom:10px;\n}\n.hr.av-av_hr-79cc4e4f0a2132d14184ca10a21a1df1 .hr-inner{\nwidth:50px;\nborder-color:#539be8;\n}\n<\/style>\n<div  class='hr av-av_hr-79cc4e4f0a2132d14184ca10a21a1df1 hr-custom  avia-builder-el-20  el_after_av_heading  el_before_av_textblock  hr-left hr-icon-no'><span class='hr-inner inner-border-av-border-fat'><span class=\"hr-inner-style\"><\/span><\/span><\/div><br \/>\n<section  class='av_textblock_section av-av_textblock-0366cc7376be6c9e82a3e9cc8987b64f'  itemscope=\"itemscope\" itemtype=\"https:\/\/schema.org\/CreativeWork\" ><div class='avia_textblock'  itemprop=\"text\" ><p>Durch die bodentiefen Fensterelemente mit 3-fach Isolierverglasung kommt viel Licht in Ihren Wohnbereich. Gleichzeitig werden Ger\u00e4usche und unerw\u00fcnschte Temperaturen aus der Wohnung ferngehalten.<\/p>\n<\/div><\/section><\/p>\n<\/div><\/div>\n<style type=\"text\/css\" data-created_by=\"avia_inline_auto\" id=\"style-css-av-av_cell_one_half-44f383a4fcd1d79cb23376fbe232a870\">\n.flex_cell.av-av_cell_one_half-44f383a4fcd1d79cb23376fbe232a870{\nvertical-align:bottom;\nheight:480px;\nmin-height:480px;\npadding:0px 0px 0px 0px;\nbackground:url(http:\/\/pg-immobilien.com\/cadolzburg\/wp-content\/uploads\/sites\/4\/2018\/08\/3-fach-1030x688-1030x688.jpg) 0% 0% no-repeat scroll ;\n}\n<\/style>\n<div class='flex_cell av_one_half av-av_cell_one_half-44f383a4fcd1d79cb23376fbe232a870 no_margin av-hide-on-mobile  avia-builder-el-22  el_after_av_cell_one_half  avia-builder-el-last  av-zero-padding' ><div class='flex_cell_inner'><div id='avia-messagebox-' class='avia_message_box av_notification av-av_notification-37f9d10c7715b2222ed7e93556898aac avia-color-silver avia-size-normal avia-icon_select-no avia-border-  avia-builder-el-23  avia-builder-el-no-sibling ' ><span class='avia_message_box_title' >Shutterstock<\/span><div class=\"avia_message_box_content\"><\/div><\/div>\n<\/div><\/div>\n<\/div>\n<div id='av-layout-grid-4'  class='av-layout-grid-container av-av_layout_row-54e9c5b86d1edeef0aabc74036eb2b76 entry-content-wrapper main_color av-fixed-cells  avia-builder-el-24  el_after_av_layout_row  avia-builder-el-last  grid-row-not-first  container_wrap sidebar_right'  >\n\n<style type=\"text\/css\" data-created_by=\"avia_inline_auto\" id=\"style-css-av-av_cell_one_half-50460fc02b6fa1f6d1c27b739e9dd6ca\">\n.flex_cell.av-av_cell_one_half-50460fc02b6fa1f6d1c27b739e9dd6ca{\nvertical-align:bottom;\nheight:480px;\nmin-height:480px;\npadding:0px 0px 0px 0px;\nbackground:url(http:\/\/pg-immobilien.com\/cadolzburg\/wp-content\/uploads\/sites\/4\/2018\/08\/rollets.png) 50% 0% no-repeat scroll ;\n}\n<\/style>\n<div class='flex_cell av_one_half av-av_cell_one_half-50460fc02b6fa1f6d1c27b739e9dd6ca no_margin av-hide-on-mobile  avia-builder-el-25  el_before_av_cell_one_half  avia-builder-el-first  av-zero-padding' ><div class='flex_cell_inner'><div id='avia-messagebox-' class='avia_message_box av_notification av-av_notification-37f9d10c7715b2222ed7e93556898aac avia-color-silver avia-size-normal avia-icon_select-no avia-border-  avia-builder-el-26  avia-builder-el-no-sibling ' ><span class='avia_message_box_title' >Shutterstock<\/span><div class=\"avia_message_box_content\"><\/div><\/div>\n<\/div><\/div>\n<style type=\"text\/css\" data-created_by=\"avia_inline_auto\" id=\"style-css-av-av_cell_one_half-abf8339dcddfed7896c7f587bfeb4025\">\n.flex_cell.av-av_cell_one_half-abf8339dcddfed7896c7f587bfeb4025{\nvertical-align:middle;\nheight:480px;\nmin-height:480px;\npadding:60px 60px 60px 60px;\n}\n<\/style>\n<div class='flex_cell av_one_half av-av_cell_one_half-abf8339dcddfed7896c7f587bfeb4025 no_margin  avia-builder-el-27  el_after_av_cell_one_half  avia-builder-el-last ' ><div class='flex_cell_inner'><p>\n<style type=\"text\/css\" data-created_by=\"avia_inline_auto\" id=\"style-css-av-av_heading-56a870437638661aed2d03724b8f9265\">\n#top .av-special-heading.av-av_heading-56a870437638661aed2d03724b8f9265{\npadding-bottom:10px;\n}\nbody .av-special-heading.av-av_heading-56a870437638661aed2d03724b8f9265 .av-special-heading-tag .heading-char{\nfont-size:25px;\n}\n.av-special-heading.av-av_heading-56a870437638661aed2d03724b8f9265 .av-subheading{\nfont-size:15px;\n}\n<\/style>\n<div  class='av-special-heading av-av_heading-56a870437638661aed2d03724b8f9265 av-special-heading-h2 blockquote modern-quote  avia-builder-el-28  el_before_av_hr  avia-builder-el-first '><h2 class='av-special-heading-tag'  itemprop=\"headline\"  >Elektrische Rolll\u00e4den<\/h2><div class=\"special-heading-border\"><div class=\"special-heading-inner-border\"><\/div><\/div><\/div><br \/>\n\n<style type=\"text\/css\" data-created_by=\"avia_inline_auto\" id=\"style-css-av-av_hr-79cc4e4f0a2132d14184ca10a21a1df1\">\n#top .hr.av-av_hr-79cc4e4f0a2132d14184ca10a21a1df1{\nmargin-top:10px;\nmargin-bottom:10px;\n}\n.hr.av-av_hr-79cc4e4f0a2132d14184ca10a21a1df1 .hr-inner{\nwidth:50px;\nborder-color:#539be8;\n}\n<\/style>\n<div  class='hr av-av_hr-79cc4e4f0a2132d14184ca10a21a1df1 hr-custom  avia-builder-el-29  el_after_av_heading  el_before_av_textblock  hr-left hr-icon-no'><span class='hr-inner inner-border-av-border-fat'><span class=\"hr-inner-style\"><\/span><\/span><\/div><br \/>\n<section  class='av_textblock_section av-av_textblock-2de302bf1aa3cf4c9157dbe6f50ac7eb'  itemscope=\"itemscope\" itemtype=\"https:\/\/schema.org\/CreativeWork\" ><div class='avia_textblock'  itemprop=\"text\" ><p>Dank der Motorisierung ist Schluss mit anstrengendem Kurbeln oder Zerren am Rollladengurt!<br \/>\nEin einfacher Tastendruck auf die Steuerung gen\u00fcgt und Ihre Rolll\u00e4den bewegen sich ganz ohne Zeit- und Kraftaufwand.<br \/>\nAlle R\u00e4ume sind damit ausgestattet.<\/p>\n<\/div><\/section><\/p>\n<\/div><\/div>\n<\/div>\n","protected":false},"excerpt":{"rendered":"","protected":false},"author":1,"featured_media":0,"parent":0,"menu_order":3,"comment_status":"open","ping_status":"open","template":"","meta":[],"_links":{"self":[{"href":"http:\/\/pg-immobilien.com\/cadolzburg\/wp-json\/wp\/v2\/pages\/1748"}],"collection":[{"href":"http:\/\/pg-immobilien.com\/cadolzburg\/wp-json\/wp\/v2\/pages"}],"about":[{"href":"http:\/\/pg-immobilien.com\/cadolzburg\/wp-json\/wp\/v2\/types\/page"}],"author":[{"embeddable":true,"href":"http:\/\/pg-immobilien.com\/cadolzburg\/wp-json\/wp\/v2\/users\/1"}],"replies":[{"embeddable":true,"href":"http:\/\/pg-immobilien.com\/cadolzburg\/wp-json\/wp\/v2\/comments?post=1748"}],"version-history":[{"count":5,"href":"http:\/\/pg-immobilien.com\/cadolzburg\/wp-json\/wp\/v2\/pages\/1748\/revisions"}],"predecessor-version":[{"id":4026,"href":"http:\/\/pg-immobilien.com\/cadolzburg\/wp-json\/wp\/v2\/pages\/1748\/revisions\/4026"}],"wp:attachment":[{"href":"http:\/\/pg-immobilien.com\/cadolzburg\/wp-json\/wp\/v2\/media?parent=1748"}],"curies":[{"name":"wp","href":"https:\/\/api.w.org\/{rel}","templated":true}]}}