{"id":1744,"date":"2015-05-15T15:08:52","date_gmt":"2015-05-15T15:08:52","guid":{"rendered":"http:\/\/bauwille24.de\/?page_id=1744"},"modified":"2018-10-02T15:07:16","modified_gmt":"2018-10-02T13:07:16","slug":"infrastruktur-2","status":"publish","type":"page","link":"http:\/\/pg-immobilien.com\/cadolzburg\/infrastruktur-2\/","title":{"rendered":"Infrastruktur"},"content":{"rendered":"\n<style type=\"text\/css\" data-created_by=\"avia_inline_auto\" id=\"style-css-av-av_section-4f366da657de0a906160e5479dfe60ee\">\n.avia-section.av-av_section-4f366da657de0a906160e5479dfe60ee{\nbackground-color:#363d46;\nbackground-repeat:no-repeat;\nbackground-image:url(http:\/\/pg-immobilien.com\/cadolzburg\/wp-content\/uploads\/sites\/4\/2018\/09\/back.jpg);\nbackground-position:50% 50%;\nbackground-attachment:fixed;\n}\n.avia-section.av-av_section-4f366da657de0a906160e5479dfe60ee .av-section-color-overlay{\nopacity:0.7;\nbackground-color:#000000;\n}\n<\/style>\n<div id='av_section_1'  class='avia-section av-av_section-4f366da657de0a906160e5479dfe60ee main_color avia-section-large avia-no-shadow  avia-builder-el-0  el_before_av_section  avia-builder-el-first  avia-full-stretch avia-bg-style-fixed av-section-color-overlay-active av-minimum-height av-minimum-height-custom  container_wrap sidebar_right'  data-section-bg-repeat='stretch'><div class=\"av-section-color-overlay-wrap\"><div class=\"av-section-color-overlay\"><\/div><div class='container av-section-cont-open' style='height:380px'><main  role=\"main\" itemprop=\"mainContentOfPage\"  class='template-page content  av-content-small alpha units'><div class='post-entry post-entry-type-page post-entry-1744'><div class='entry-content-wrapper clearfix'>\n\n<style type=\"text\/css\" data-created_by=\"avia_inline_auto\" id=\"style-css-av-av_heading-78d51560a5ed2a07e76421c6301ec353\">\n#top .av-special-heading.av-av_heading-78d51560a5ed2a07e76421c6301ec353{\npadding-bottom:15px;\ncolor:#ffffff;\nfont-size:50px;\n}\nbody .av-special-heading.av-av_heading-78d51560a5ed2a07e76421c6301ec353 .av-special-heading-tag .heading-char{\nfont-size:25px;\n}\n#top #wrap_all .av-special-heading.av-av_heading-78d51560a5ed2a07e76421c6301ec353 .av-special-heading-tag{\nfont-size:50px;\n}\n.av-special-heading.av-av_heading-78d51560a5ed2a07e76421c6301ec353 .special-heading-inner-border{\nborder-color:#ffffff;\n}\n.av-special-heading.av-av_heading-78d51560a5ed2a07e76421c6301ec353 .av-subheading{\nfont-size:22px;\n}\n<\/style>\n<div  class='av-special-heading av-av_heading-78d51560a5ed2a07e76421c6301ec353 av-special-heading-h1 custom-color-heading blockquote modern-quote modern-centered  avia-builder-el-1  el_before_av_hr  avia-builder-el-first  av-inherit-size'><h1 class='av-special-heading-tag'  itemprop=\"headline\"  >INFRASTRUKTUR<\/h1><div class=\"special-heading-border\"><div class=\"special-heading-inner-border\"><\/div><\/div><\/div>\n\n<style type=\"text\/css\" data-created_by=\"avia_inline_auto\" id=\"style-css-av-av_hr-a561dd60282c77f058937dea0f809bf3\">\n#top .hr.av-av_hr-a561dd60282c77f058937dea0f809bf3{\nmargin-top:30px;\nmargin-bottom:30px;\n}\n.hr.av-av_hr-a561dd60282c77f058937dea0f809bf3 .hr-inner{\nwidth:20%;\nborder-color:rgba(255,255,255,0.76);\nmax-width:45%;\n}\n.hr.av-av_hr-a561dd60282c77f058937dea0f809bf3 .av-seperator-icon{\ncolor:#ffffff;\n}\n<\/style>\n<div  class='hr av-av_hr-a561dd60282c77f058937dea0f809bf3 hr-custom  avia-builder-el-2  el_after_av_heading  avia-builder-el-last  hr-center hr-icon-yes'><span class='hr-inner inner-border-av-border-fat'><span class=\"hr-inner-style\"><\/span><\/span><span class='av-seperator-icon' aria-hidden='true' data-av_icon='\ue8bf' data-av_iconfont='entypo-fontello'><\/span><span class='hr-inner inner-border-av-border-fat'><span class=\"hr-inner-style\"><\/span><\/span><\/div>\n\n<\/div><\/div><\/main><!-- close content main element --><\/div><\/div><\/div>\n<style type=\"text\/css\" data-created_by=\"avia_inline_auto\" id=\"style-css-av-av_section-ff4df29d48e9df6ade30ebea243a435c\">\n.avia-section.av-av_section-ff4df29d48e9df6ade30ebea243a435c{\nbackground-color:#ffffff;\n}\n<\/style>\n<div id='av_section_2'  class='avia-section av-av_section-ff4df29d48e9df6ade30ebea243a435c main_color avia-section-default avia-no-border-styling  avia-builder-el-3  el_after_av_section  el_before_av_layout_row  avia-bg-style-scroll container_wrap sidebar_right'  ><div class='container av-section-cont-open' ><div class='template-page content  av-content-small alpha units'><div class='post-entry post-entry-type-page post-entry-1744'><div class='entry-content-wrapper clearfix'>\n\n<style type=\"text\/css\" data-created_by=\"avia_inline_auto\" id=\"style-css-av-av_textblock-feab96d2ca212fe2c5845c2515871f31\">\n#top .av_textblock_section.av-av_textblock-feab96d2ca212fe2c5845c2515871f31 .avia_textblock{\nfont-size:20px;\n}\n<\/style>\n<section  class='av_textblock_section av-av_textblock-feab96d2ca212fe2c5845c2515871f31'  itemscope=\"itemscope\" itemtype=\"https:\/\/schema.org\/CreativeWork\" ><div class='avia_textblock'  itemprop=\"text\" ><p><img decoding=\"async\" loading=\"lazy\" class=\"alignleft size-full wp-image-1042\" src=\"http:\/\/n-projekt24.de\/wp-content\/uploads\/2016\/12\/mortargage.png\" alt=\"\" width=\"50\" height=\"50\" \/><\/p>\n<p class=\"ruhig\"><strong>Ruhiges aber doch Zentrales Wohnen in Cadolzburg Greimersdorf<\/strong><\/p>\n<\/div><\/section>\n<section  class='av_textblock_section av-av_textblock-2de302bf1aa3cf4c9157dbe6f50ac7eb'  itemscope=\"itemscope\" itemtype=\"https:\/\/schema.org\/CreativeWork\" ><div class='avia_textblock'  itemprop=\"text\" ><p>Zentral im Landkreis F\u00fcrth gelegen und zugleich eingebettet in eine der reizvollsten fr\u00e4nkischen Landstriche und mit besten Verbindungen in die benachbarten Gro\u00dfst\u00e4dte N\u00fcrnberg, F\u00fcrth und Erlangen &#8211; das ist Cadolzburg. Cadolzburgs Lage am Rand des Ballungsgebietes N\u00fcrnberg\/F\u00fcrth\/Erlangen macht es f\u00fcr Pendler sehr attraktiv. Die im Halbstunden-Takt verkehrende &#8222;Rangaubahn&#8220; verbindet Cadolzburg hervorragend mit dem Schienennetz der Deutschen Bahn. Die zweispurig ausgebaute &#8222;S\u00fcdwesttangente&#8220; (B8) bietet einen schnellen Anschlu\u00df an das Autobahnnetz. Die Stadt pr\u00e4sentiert sich im l\u00e4ndlichen Ambiente und hat doch alles zu bieten. Eine Vielzahl an Einkaufsm\u00f6glichkeiten, Schulen, Kinderg\u00e4rten, \u00c4rzte, Banken und was man sonst noch f\u00fcr den t\u00e4glichen Bedarf ben\u00f6tigt ist vor Ort leicht erreichbar. F\u00fcr Sport- und Kulturfreunde gibt es ein breites Angebot und f\u00fcr Naturfreunde ein gro\u00dfes Wald- und Wanderwegenetz<\/p>\n<\/div><\/section>\n\n<style type=\"text\/css\" data-created_by=\"avia_inline_auto\" id=\"style-css-av-av_one_third-048ab5afa79c1640b7d6d6c20323226a\">\n.flex_column.av-av_one_third-048ab5afa79c1640b7d6d6c20323226a{\nborder-radius:0px 0px 0px 0px;\n-webkit-border-radius:0px 0px 0px 0px;\n-moz-border-radius:0px 0px 0px 0px;\n}\n<\/style>\n<div class='flex_column av-av_one_third-048ab5afa79c1640b7d6d6c20323226a av_one_third  avia-builder-el-6  el_after_av_textblock  el_before_av_one_third  first no_margin flex_column_div av-zero-column-padding column-top-margin'   ><section  class='av_textblock_section av-av_textblock-2de302bf1aa3cf4c9157dbe6f50ac7eb'  itemscope=\"itemscope\" itemtype=\"https:\/\/schema.org\/CreativeWork\" ><div class='avia_textblock'  itemprop=\"text\" ><p><img decoding=\"async\" loading=\"lazy\" class=\"alignleft wp-image-3509\" src=\"http:\/\/pg-immobilien.com\/nuernberg\/wp-content\/uploads\/sites\/3\/2018\/08\/basket-light-blue-300x300.png\" alt=\"\" width=\"48\" height=\"48\" srcset=\"http:\/\/pg-immobilien.com\/cadolzburg\/wp-content\/uploads\/sites\/4\/2018\/08\/basket-light-blue-300x300.png 300w, http:\/\/pg-immobilien.com\/cadolzburg\/wp-content\/uploads\/sites\/4\/2018\/08\/basket-light-blue-80x80.png 80w, http:\/\/pg-immobilien.com\/cadolzburg\/wp-content\/uploads\/sites\/4\/2018\/08\/basket-light-blue-36x36.png 36w, http:\/\/pg-immobilien.com\/cadolzburg\/wp-content\/uploads\/sites\/4\/2018\/08\/basket-light-blue-180x180.png 180w, http:\/\/pg-immobilien.com\/cadolzburg\/wp-content\/uploads\/sites\/4\/2018\/08\/basket-light-blue-120x120.png 120w, http:\/\/pg-immobilien.com\/cadolzburg\/wp-content\/uploads\/sites\/4\/2018\/08\/basket-light-blue-450x450.png 450w, http:\/\/pg-immobilien.com\/cadolzburg\/wp-content\/uploads\/sites\/4\/2018\/08\/basket-light-blue.png 512w\" sizes=\"(max-width: 48px) 100vw, 48px\" \/><\/p>\n<h3 class=\"iconbox_content_title\" style=\"margin-bottom: 30px; line-height: 55px;\">EINKAUFSM\u00d6GLICHKEITEN:<\/h3>\n<p><strong>1. NORMA Filiale <\/strong>&#8211; 3.7 km<br \/>\n<strong>2. EDEKA Hofmann<\/strong> &#8211; 2.4 km<br \/>\n<strong>3. Dm-Markt <\/strong> &#8211; 2.4 km<br \/>\n<strong>4. Shell Tankestelle<\/strong> &#8211; 1.4 km<\/p>\n<\/div><\/section><\/div>\n<style type=\"text\/css\" data-created_by=\"avia_inline_auto\" id=\"style-css-av-av_one_third-c8fc129dc35fd1ae2a1e410224d39ea8\">\n.flex_column.av-av_one_third-c8fc129dc35fd1ae2a1e410224d39ea8{\nborder-radius:0px 0px 0px 0px;\n-webkit-border-radius:0px 0px 0px 0px;\n-moz-border-radius:0px 0px 0px 0px;\n}\n<\/style>\n<div class='flex_column av-av_one_third-c8fc129dc35fd1ae2a1e410224d39ea8 av_one_third  avia-builder-el-8  el_after_av_one_third  el_before_av_one_third  no_margin flex_column_div av-zero-column-padding column-top-margin'   ><section  class='av_textblock_section av-av_textblock-2de302bf1aa3cf4c9157dbe6f50ac7eb'  itemscope=\"itemscope\" itemtype=\"https:\/\/schema.org\/CreativeWork\" ><div class='avia_textblock'  itemprop=\"text\" ><p><img decoding=\"async\" loading=\"lazy\" class=\"wp-image-3531 size-full alignleft\" src=\"http:\/\/pg-immobilien.com\/nuernberg\/wp-content\/uploads\/sites\/3\/2018\/08\/restaurant.png\" alt=\"\" width=\"48\" height=\"48\" srcset=\"http:\/\/pg-immobilien.com\/cadolzburg\/wp-content\/uploads\/sites\/4\/2018\/08\/restaurant.png 48w, http:\/\/pg-immobilien.com\/cadolzburg\/wp-content\/uploads\/sites\/4\/2018\/08\/restaurant-36x36.png 36w\" sizes=\"(max-width: 48px) 100vw, 48px\" \/><\/p>\n<h3 class=\"iconbox_content_title\" style=\"margin-bottom: 30px; line-height: 55px;\">GASTRONOMIE:<\/h3>\n<p><strong>5. Bauhof<\/strong>&#8211; 0.9 km<br \/>\n<strong>6. Restaurant Penelope<\/strong> &#8211; 1.4 km<br \/>\n<strong>7. Chocotek<\/strong> &#8211; 1.4 km<br \/>\n<strong>8. Loisl`s Eiskaffee<\/strong> &#8211; 1.4 km<\/p>\n<\/div><\/section><\/div>\n<style type=\"text\/css\" data-created_by=\"avia_inline_auto\" id=\"style-css-av-av_one_third-c8fc129dc35fd1ae2a1e410224d39ea8\">\n.flex_column.av-av_one_third-c8fc129dc35fd1ae2a1e410224d39ea8{\nborder-radius:0px 0px 0px 0px;\n-webkit-border-radius:0px 0px 0px 0px;\n-moz-border-radius:0px 0px 0px 0px;\n}\n<\/style>\n<div class='flex_column av-av_one_third-c8fc129dc35fd1ae2a1e410224d39ea8 av_one_third  avia-builder-el-10  el_after_av_one_third  el_before_av_one_third  no_margin flex_column_div av-zero-column-padding column-top-margin'   ><section  class='av_textblock_section av-av_textblock-2de302bf1aa3cf4c9157dbe6f50ac7eb'  itemscope=\"itemscope\" itemtype=\"https:\/\/schema.org\/CreativeWork\" ><div class='avia_textblock'  itemprop=\"text\" ><p><img decoding=\"async\" loading=\"lazy\" class=\"wp-image-3532 size-full alignleft\" src=\"http:\/\/pg-immobilien.com\/nuernberg\/wp-content\/uploads\/sites\/3\/2018\/08\/university.png\" alt=\"\" width=\"48\" height=\"48\" srcset=\"http:\/\/pg-immobilien.com\/cadolzburg\/wp-content\/uploads\/sites\/4\/2018\/08\/university.png 48w, http:\/\/pg-immobilien.com\/cadolzburg\/wp-content\/uploads\/sites\/4\/2018\/08\/university-36x36.png 36w\" sizes=\"(max-width: 48px) 100vw, 48px\" \/><\/p>\n<h3 class=\"iconbox_content_title\" style=\"margin-bottom: 30px; line-height: 55px;\">\u00d6FFENTLICHE EINRICHTUNGEN:<\/h3>\n<p><strong>9. Grundschule <\/strong>&#8211; 1.4 km<br \/>\n<strong>10. Markgrafenkirche<\/strong> &#8211; 1.4 km<br \/>\n<strong>11. Markt Cadolzburg <\/strong> &#8211; 1.7 km<br \/>\n<strong>12. Bahnhof <\/strong> &#8211; 2.1 km<\/p>\n<\/div><\/section><\/div>\n<style type=\"text\/css\" data-created_by=\"avia_inline_auto\" id=\"style-css-av-av_one_third-71b1a76d2f50e382f094e87c0ebcc81f\">\n.flex_column.av-av_one_third-71b1a76d2f50e382f094e87c0ebcc81f{\nborder-radius:0px 0px 0px 0px;\n-webkit-border-radius:0px 0px 0px 0px;\n-moz-border-radius:0px 0px 0px 0px;\n}\n<\/style>\n<div class='flex_column av-av_one_third-71b1a76d2f50e382f094e87c0ebcc81f av_one_third  avia-builder-el-12  el_after_av_one_third  el_before_av_one_third  first no_margin flex_column_div av-zero-column-padding column-top-margin'   ><section  class='av_textblock_section av-av_textblock-2de302bf1aa3cf4c9157dbe6f50ac7eb'  itemscope=\"itemscope\" itemtype=\"https:\/\/schema.org\/CreativeWork\" ><div class='avia_textblock'  itemprop=\"text\" ><p><img decoding=\"async\" loading=\"lazy\" class=\"wp-image-3534 size-full alignleft\" src=\"http:\/\/pg-immobilien.com\/nuernberg\/wp-content\/uploads\/sites\/3\/2018\/08\/bank.png\" alt=\"\" width=\"48\" height=\"48\" srcset=\"http:\/\/pg-immobilien.com\/cadolzburg\/wp-content\/uploads\/sites\/4\/2018\/08\/bank.png 48w, http:\/\/pg-immobilien.com\/cadolzburg\/wp-content\/uploads\/sites\/4\/2018\/08\/bank-36x36.png 36w\" sizes=\"(max-width: 48px) 100vw, 48px\" \/><\/p>\n<h3 class=\"iconbox_content_title\" style=\"margin-bottom: 30px; line-height: 55px;\">BANKEN\/POST:<\/h3>\n<p><strong>13. Sparkasse <\/strong>&#8211; 1.9 km<br \/>\n<strong>14. Raiffeisenbank<\/strong> &#8211; 1.8 km<br \/>\n<strong>15. Deutsche Post<\/strong> &#8211; 3.4 km<\/p>\n<\/div><\/section><\/div>\n<style type=\"text\/css\" data-created_by=\"avia_inline_auto\" id=\"style-css-av-av_one_third-cec70c55ab5422a5a5af58e3f87bd87b\">\n.flex_column.av-av_one_third-cec70c55ab5422a5a5af58e3f87bd87b{\nborder-radius:0px 0px 0px 0px;\n-webkit-border-radius:0px 0px 0px 0px;\n-moz-border-radius:0px 0px 0px 0px;\n}\n<\/style>\n<div class='flex_column av-av_one_third-cec70c55ab5422a5a5af58e3f87bd87b av_one_third  avia-builder-el-14  el_after_av_one_third  avia-builder-el-last  no_margin flex_column_div av-zero-column-padding column-top-margin'   ><section  class='av_textblock_section av-av_textblock-2de302bf1aa3cf4c9157dbe6f50ac7eb'  itemscope=\"itemscope\" itemtype=\"https:\/\/schema.org\/CreativeWork\" ><div class='avia_textblock'  itemprop=\"text\" ><p><img decoding=\"async\" loading=\"lazy\" class=\"wp-image-3538 alignleft\" src=\"http:\/\/pg-immobilien.com\/nuernberg\/wp-content\/uploads\/sites\/3\/2018\/08\/affiliate-_icon-1-300x300.png\" alt=\"\" width=\"48\" height=\"48\" srcset=\"http:\/\/pg-immobilien.com\/cadolzburg\/wp-content\/uploads\/sites\/4\/2018\/08\/affiliate-_icon-1-300x300.png 300w, http:\/\/pg-immobilien.com\/cadolzburg\/wp-content\/uploads\/sites\/4\/2018\/08\/affiliate-_icon-1-80x80.png 80w, http:\/\/pg-immobilien.com\/cadolzburg\/wp-content\/uploads\/sites\/4\/2018\/08\/affiliate-_icon-1-36x36.png 36w, http:\/\/pg-immobilien.com\/cadolzburg\/wp-content\/uploads\/sites\/4\/2018\/08\/affiliate-_icon-1-180x180.png 180w, http:\/\/pg-immobilien.com\/cadolzburg\/wp-content\/uploads\/sites\/4\/2018\/08\/affiliate-_icon-1.png 400w, http:\/\/pg-immobilien.com\/cadolzburg\/wp-content\/uploads\/sites\/4\/2018\/08\/affiliate-_icon-1-120x120.png 120w\" sizes=\"(max-width: 48px) 100vw, 48px\" \/><\/p>\n<h3 class=\"iconbox_content_title\" style=\"margin-bottom: 30px; line-height: 55px;\">DIENSTLEISTUNGEN:<\/h3>\n<p><strong>16. Studio Haarkunst <\/strong>&#8211; 1.8 km<br \/>\n<strong>17. Reiseb\u00fcro am Marktplatz<\/strong> &#8211; 1.9 km<br \/>\n<strong>18. Autohaus Sch\u00f6ner <\/strong> &#8211; 2.5 km<br \/>\n<strong>19. Kfz-Werkstatt<\/strong> &#8211; 1.8 km<br \/>\n<strong>20. Sonnenstudio Power Sun <\/strong> &#8211; 1.1 km<\/p>\n<\/div><\/section><\/div><\/div><\/div><\/div><!-- close content main div --><\/div><\/div><div id='av-layout-grid-1'  class='av-layout-grid-container av-av_layout_row-caf1f26e08707a2ebe9176b630e736c2 entry-content-wrapper main_color av-flex-cells  avia-builder-el-16  el_after_av_section  avia-builder-el-last  grid-row-not-first  container_wrap sidebar_right'  >\n\n<style type=\"text\/css\" data-created_by=\"avia_inline_auto\" id=\"style-css-av-av_cell_one_full-a15f6bc32c0fb1c8e22741cf23b16e8e\">\n.flex_cell.av-av_cell_one_full-a15f6bc32c0fb1c8e22741cf23b16e8e{\nvertical-align:top;\npadding:0px 0px 0px 0px;\n}\n<\/style>\n<div class='flex_cell av_one_full av-av_cell_one_full-a15f6bc32c0fb1c8e22741cf23b16e8e no_margin  avia-builder-el-17  avia-builder-el-no-sibling  av-zero-padding' ><div class='flex_cell_inner'><section  class='av_textblock_section av-av_textblock-2de302bf1aa3cf4c9157dbe6f50ac7eb'  itemscope=\"itemscope\" itemtype=\"https:\/\/schema.org\/CreativeWork\" ><div class='avia_textblock'  itemprop=\"text\" ><p style=\"text-align: center;\"><span style=\"font-size: 11px;\">Die verwendeten Logos und Markennamen stehen in keiner Verbindung mit der P&amp;G-IMMOBILIEN GMBH und geh\u00f6ren dem jeweiligen Markeninhaber.<\/span><\/p>\n<\/div><\/section><br \/>\n<div  class='av_gmaps_sc_main_wrap av_gmaps_main_wrap '><div id='av_gmap_0' class='avia-google-map-container avia-google-map-sc av_gmaps_show_unconditionally av-no-fallback-img ' data-mapid='av_gmap_0'  style='height: 700px;'><a class=\"av_gmaps_browser_disabled av_text_confirm_link av_text_confirm_link_visible\" href=\"https:\/\/www.google.com\/maps\/search\/?api=1&#038;query=Greimersdorfer%20Dorfstra\u00dfe,%2012%20%20Cadolzburg%20%20Germany\" target=\"_blank\" rel=\"noopener\">Aufgrund deiner Datenschutz-Einstellungen k\u00f6nnen wir Ihnen die Karte nicht anzeigen. Klicken Sie hier, um die Karte in einem neuen Fenster zu \u00f6ffnen.<\/a><\/div><\/div><\/p>\n<\/div><\/div>\n<\/div><\/p>\n","protected":false},"excerpt":{"rendered":"","protected":false},"author":1,"featured_media":0,"parent":0,"menu_order":4,"comment_status":"open","ping_status":"open","template":"","meta":[],"_links":{"self":[{"href":"http:\/\/pg-immobilien.com\/cadolzburg\/wp-json\/wp\/v2\/pages\/1744"}],"collection":[{"href":"http:\/\/pg-immobilien.com\/cadolzburg\/wp-json\/wp\/v2\/pages"}],"about":[{"href":"http:\/\/pg-immobilien.com\/cadolzburg\/wp-json\/wp\/v2\/types\/page"}],"author":[{"embeddable":true,"href":"http:\/\/pg-immobilien.com\/cadolzburg\/wp-json\/wp\/v2\/users\/1"}],"replies":[{"embeddable":true,"href":"http:\/\/pg-immobilien.com\/cadolzburg\/wp-json\/wp\/v2\/comments?post=1744"}],"version-history":[{"count":52,"href":"http:\/\/pg-immobilien.com\/cadolzburg\/wp-json\/wp\/v2\/pages\/1744\/revisions"}],"predecessor-version":[{"id":3891,"href":"http:\/\/pg-immobilien.com\/cadolzburg\/wp-json\/wp\/v2\/pages\/1744\/revisions\/3891"}],"wp:attachment":[{"href":"http:\/\/pg-immobilien.com\/cadolzburg\/wp-json\/wp\/v2\/media?parent=1744"}],"curies":[{"name":"wp","href":"https:\/\/api.w.org\/{rel}","templated":true}]}}